{"id":826,"date":"2023-01-16T12:32:30","date_gmt":"2023-01-16T12:32:30","guid":{"rendered":"https:\/\/localhost\/vinotecamendibil\/?page_id=826"},"modified":"2024-11-28T21:22:03","modified_gmt":"2024-11-28T21:22:03","slug":"distribucion","status":"publish","type":"page","link":"https:\/\/conoce.vinotecamendibil.com\/fr\/hosteleria\/distribucion\/","title":{"rendered":"Distribution"},"content":{"rendered":"<p>Nous livrons directement avec nos v\u00e9hicules au Pays Basque, en Navarre et en France par cartons ou bouteilles individuelles. Nous livrons \u00e9galement partout en Espagne, en France et dans d&rsquo;autres pays europ\u00e9ens.<\/p>","protected":false},"excerpt":{"rendered":"<p>Nous livrons directement avec nos v\u00e9hicules au Pays Basque, en Navarre et en France par cartons ou bouteilles individuelles. Nous livrons \u00e9galement partout en Espagne, en France et dans d&rsquo;autres pays europ\u00e9ens.<\/p>\n","protected":false},"author":4,"featured_media":1039,"parent":35,"menu_order":0,"comment_status":"closed","ping_status":"closed","template":"","meta":{"_acf_changed":false,"footnotes":""},"class_list":["post-826","page","type-page","status-publish","has-post-thumbnail","hentry"],"acf":[],"_links":{"self":[{"href":"https:\/\/conoce.vinotecamendibil.com\/fr\/wp-json\/wp\/v2\/pages\/826","targetHints":{"allow":["GET"]}}],"collection":[{"href":"https:\/\/conoce.vinotecamendibil.com\/fr\/wp-json\/wp\/v2\/pages"}],"about":[{"href":"https:\/\/conoce.vinotecamendibil.com\/fr\/wp-json\/wp\/v2\/types\/page"}],"author":[{"embeddable":true,"href":"https:\/\/conoce.vinotecamendibil.com\/fr\/wp-json\/wp\/v2\/users\/4"}],"replies":[{"embeddable":true,"href":"https:\/\/conoce.vinotecamendibil.com\/fr\/wp-json\/wp\/v2\/comments?post=826"}],"version-history":[{"count":15,"href":"https:\/\/conoce.vinotecamendibil.com\/fr\/wp-json\/wp\/v2\/pages\/826\/revisions"}],"predecessor-version":[{"id":1155,"href":"https:\/\/conoce.vinotecamendibil.com\/fr\/wp-json\/wp\/v2\/pages\/826\/revisions\/1155"}],"up":[{"embeddable":true,"href":"https:\/\/conoce.vinotecamendibil.com\/fr\/wp-json\/wp\/v2\/pages\/35"}],"wp:featuredmedia":[{"embeddable":true,"href":"https:\/\/conoce.vinotecamendibil.com\/fr\/wp-json\/wp\/v2\/media\/1039"}],"wp:attachment":[{"href":"https:\/\/conoce.vinotecamendibil.com\/fr\/wp-json\/wp\/v2\/media?parent=826"}],"curies":[{"name":"wp","href":"https:\/\/api.w.org\/{rel}","templated":true}]}}