{"id":360,"date":"2018-03-21T19:12:59","date_gmt":"2018-03-21T19:12:59","guid":{"rendered":"http:\/\/vinotecamendibil.creactivate.es\/?page_id=360"},"modified":"2024-11-28T21:25:52","modified_gmt":"2024-11-28T21:25:52","slug":"politica-de-privacidad","status":"publish","type":"page","link":"https:\/\/conoce.vinotecamendibil.com\/fr\/politica-de-privacidad\/","title":{"rendered":"Politique de confidentialit\u00e9"},"content":{"rendered":"<p>En esta web, propiedad de VINOTECA ARDOTEGIA MENDIBIL, S.L., aseguramos la total protecci\u00f3n de los datos de car\u00e1cter personal proporcionados por nuestros usuarios.<\/p>\n<p>En esta secci\u00f3n ponemos a disposici\u00f3n del interesado la informaci\u00f3n legal o pol\u00edtica de privacidad correspondiente a los distintos tratamientos de datos llevados a cabo por nuestra empresa.<\/p>\n<p>En funci\u00f3n de cu\u00e1l sea su relaci\u00f3n con nuestra empresa, le ser\u00e1 aplicable la correspondiente pol\u00edtica de privacidad:<\/p>\n<p>&nbsp;<\/p>\n<p><strong>CONTACTOS<\/strong><\/p>\n<p><strong>\u00bfQui\u00e9n es el responsable de sus datos?<\/strong><\/p>\n<p>De acuerdo con lo establecido por la Ley Org\u00e1nica 3\/2018, de 5 de diciembre, de Protecci\u00f3n de Datos Personales y garant\u00eda de los derechos digitales (LOPD) y el Reglamento General de Protecci\u00f3n de Datos (RGPD) de 27 de Abril de 2016, le informamos que los datos personales aportados ser\u00e1n tratados por VINOTECA ARDOTEGIA MENDIBIL, S.L. con CIF B20733473 y domicilio en C\/Juan de la Cruz 1 &#8211; 20302, Irun (Gipuzkoa).<\/p>\n<p><strong>\u00bfCon qu\u00e9 finalidad tratamos sus datos personales?<\/strong><\/p>\n<p>Los datos aportados por usted son necesarios para poder prestarle con todas las garant\u00edas el servicio solicitado, y ser\u00e1n tratados con las siguientes finalidades: gesti\u00f3n de los datos de contacto para la comunicaci\u00f3n interna y externa, prospecci\u00f3n comercial y env\u00edo de publicidad.<\/p>\n<p><strong>\u00bfPor cu\u00e1nto tiempo conservaremos sus datos?<\/strong><\/p>\n<p>Los datos personales proporcionados se conservar\u00e1n mientras se prevea que pueden ser necesarios para contactar con el interesado.<\/p>\n<p><strong>\u00bfCu\u00e1l es la legitimaci\u00f3n para el tratamiento de sus datos?<\/strong><\/p>\n<p>La base legal para el tratamiento de sus datos es el consentimiento del interesado al proporcionar sus datos de contacto.<\/p>\n<p><strong>\u00bfA qu\u00e9 destinatarios se comunicar\u00e1n sus datos?<\/strong><\/p>\n<p>Sus datos no se ceder\u00e1n a terceros salvo obligaci\u00f3n legal.<\/p>\n<p><strong>\u00bfCu\u00e1les son sus derechos cuando nos facilita sus datos?<\/strong><\/p>\n<p>Cualquier persona tiene derecho a solicitar el acceso, rectificaci\u00f3n, supresi\u00f3n, limitaci\u00f3n del tratamiento, oposici\u00f3n o derecho a la portabilidad de sus datos personales, escribi\u00e9ndonos a la direcci\u00f3n de nuestras oficinas, o enviando un correo electr\u00f3nico a info2@vinotecamendibil.com, indicando el derecho que desea ejercer.<\/p>\n<p>Tendr\u00e1 derecho igualmente a retirar el consentimiento prestado en cualquier momento. La retirada del consentimiento no afectar\u00e1 a la licitud del tratamiento efectuado antes de la retirada de dicho consentimiento.<\/p>\n<p>Tiene derecho a presentar una reclamaci\u00f3n ante la autoridad de control si considera que pueden haber sido vulnerados sus derechos en lo concerniente a la protecci\u00f3n de sus datos personales.<\/p>\n<p>&nbsp;<\/p>\n<p><strong>CLIENTES<\/strong><\/p>\n<p><strong>\u00bfQui\u00e9n es el responsable de sus datos?<\/strong><\/p>\n<p>De acuerdo con lo establecido por la Ley Org\u00e1nica 3\/2018, de 5 de diciembre, de Protecci\u00f3n de Datos Personales y garant\u00eda de los derechos digitales (LOPD) y el Reglamento General de Protecci\u00f3n de Datos (RGPD) de 27 de Abril de 2016, le informamos que los datos personales aportados ser\u00e1n tratados por VINOTECA ARDOTEGIA MENDIBIL, S.L. con CIF B20733473 y domicilio en C\/Juan de la Cruz, 1 &#8211; 20302, Irun (Gipuzkoa).<\/p>\n<p><strong>\u00bfCon qu\u00e9 finalidad tratamos sus datos personales?<\/strong><\/p>\n<p>Los datos aportados por usted son necesarios para poder prestarle con todas las garant\u00edas el servicio solicitado, y ser\u00e1n tratados con las siguientes finalidades: gesti\u00f3n administrativa, contable y fiscal, gesti\u00f3n de las relaciones comerciales y transacciones econ\u00f3micas, posibles catas de producto, acciones de marketing y publicidad en general.<\/p>\n<p><strong>\u00bfPor cu\u00e1nto tiempo conservaremos sus datos?<\/strong><\/p>\n<p>Los datos personales proporcionados se conservar\u00e1n hasta la finalizaci\u00f3n de la relaci\u00f3n contractual y, posteriormente, durante los plazos legalmente exigidos.<\/p>\n<p><strong>\u00bfCu\u00e1l es la legitimaci\u00f3n para el tratamiento de sus datos?<\/strong><\/p>\n<p>La base legal para el tratamiento de sus datos es la ejecuci\u00f3n del contrato suscrito con nosotros.<\/p>\n<p><strong>\u00bfA qu\u00e9 destinatarios se comunicar\u00e1n sus datos?<\/strong><\/p>\n<p>Para cumplir con la finalidad prevista, sus datos podr\u00e1n ser comunicados a: Administraci\u00f3n tributaria; bancos, cajas de ahorros y cajas rurales; Administraci\u00f3n p\u00fablica con competencia en la materia.<\/p>\n<p><strong>\u00bfCu\u00e1les son sus derechos cuando nos facilita sus datos?<\/strong><\/p>\n<p>Cualquier persona tiene derecho a solicitar el acceso, rectificaci\u00f3n, supresi\u00f3n, limitaci\u00f3n del tratamiento, oposici\u00f3n o derecho a la portabilidad de sus datos personales, escribi\u00e9ndonos a la direcci\u00f3n de nuestras oficinas, o enviando un correo electr\u00f3nico a info2@vinotecamendibil.com, indicando el derecho que desea ejercer.<\/p>\n<p>Tendr\u00e1 derecho igualmente a retirar el consentimiento prestado en cualquier momento. La retirada del consentimiento no afectar\u00e1 a la licitud del tratamiento efectuado antes de la retirada de dicho consentimiento.<\/p>\n<p>Tiene derecho a presentar una reclamaci\u00f3n ante la autoridad de control si considera que pueden haber sido vulnerados sus derechos en lo concerniente a la protecci\u00f3n de sus datos personales.<\/p>\n","protected":false},"excerpt":{"rendered":"<p>En esta web, propiedad de VINOTECA ARDOTEGIA MENDIBIL, S.L., aseguramos la total protecci\u00f3n de los datos de car\u00e1cter personal proporcionados por nuestros usuarios. En esta secci\u00f3n ponemos a disposici\u00f3n del interesado la [&hellip;]<\/p>\n","protected":false},"author":4,"featured_media":1085,"parent":0,"menu_order":0,"comment_status":"closed","ping_status":"closed","template":"","meta":{"_acf_changed":false,"footnotes":""},"class_list":["post-360","page","type-page","status-publish","has-post-thumbnail","hentry"],"acf":[],"_links":{"self":[{"href":"https:\/\/conoce.vinotecamendibil.com\/fr\/wp-json\/wp\/v2\/pages\/360","targetHints":{"allow":["GET"]}}],"collection":[{"href":"https:\/\/conoce.vinotecamendibil.com\/fr\/wp-json\/wp\/v2\/pages"}],"about":[{"href":"https:\/\/conoce.vinotecamendibil.com\/fr\/wp-json\/wp\/v2\/types\/page"}],"author":[{"embeddable":true,"href":"https:\/\/conoce.vinotecamendibil.com\/fr\/wp-json\/wp\/v2\/users\/4"}],"replies":[{"embeddable":true,"href":"https:\/\/conoce.vinotecamendibil.com\/fr\/wp-json\/wp\/v2\/comments?post=360"}],"version-history":[{"count":12,"href":"https:\/\/conoce.vinotecamendibil.com\/fr\/wp-json\/wp\/v2\/pages\/360\/revisions"}],"predecessor-version":[{"id":1158,"href":"https:\/\/conoce.vinotecamendibil.com\/fr\/wp-json\/wp\/v2\/pages\/360\/revisions\/1158"}],"wp:featuredmedia":[{"embeddable":true,"href":"https:\/\/conoce.vinotecamendibil.com\/fr\/wp-json\/wp\/v2\/media\/1085"}],"wp:attachment":[{"href":"https:\/\/conoce.vinotecamendibil.com\/fr\/wp-json\/wp\/v2\/media?parent=360"}],"curies":[{"name":"wp","href":"https:\/\/api.w.org\/{rel}","templated":true}]}}