{"id":29,"date":"2017-10-26T12:20:56","date_gmt":"2017-10-26T12:20:56","guid":{"rendered":"http:\/\/localhost\/vinoteca\/?page_id=29"},"modified":"2024-11-26T16:34:09","modified_gmt":"2024-11-26T16:34:09","slug":"productos-selectos","status":"publish","type":"page","link":"https:\/\/conoce.vinotecamendibil.com\/fr\/productos\/productos-selectos\/","title":{"rendered":"Gourmet"},"content":{"rendered":"<p>Notre situation g\u00e9ographique, \u00e0 la fronti\u00e8re entre deux pays riches d\u2019une extraordinaire tradition gastronomique \u2013 la France et l\u2019Espagne \u2013, nous donne acc\u00e8s \u00e0 des produits d\u2019un grand raffinement. Outre des foies gras fran\u00e7ais, nous proposons un vaste \u00e9ventail de charcuteries ib\u00e9riques et de fromages fermiers. \u00c0 ceux-ci s\u2019ajoutent des huiles d\u2019olive vierge extra ainsi que des vinaigres de Jerez et des conserves. En p\u00e9riode de f\u00eates de fin d\u2019ann\u00e9e, nous disposons aussi des tourons d\u2019Alicante, confiseries, chocolats et p\u00e2tisseries fran\u00e7aises.<\/p>","protected":false},"excerpt":{"rendered":"<p>Notre situation g\u00e9ographique, \u00e0 la fronti\u00e8re entre deux pays riches d\u2019une extraordinaire tradition gastronomique \u2013 la France et l\u2019Espagne \u2013, nous donne acc\u00e8s \u00e0 des produits d\u2019un grand raffinement. Outre des foies [&hellip;]<\/p>\n","protected":false},"author":4,"featured_media":919,"parent":23,"menu_order":0,"comment_status":"closed","ping_status":"closed","template":"","meta":{"_acf_changed":false,"footnotes":""},"class_list":["post-29","page","type-page","status-publish","has-post-thumbnail","hentry"],"acf":[],"_links":{"self":[{"href":"https:\/\/conoce.vinotecamendibil.com\/fr\/wp-json\/wp\/v2\/pages\/29","targetHints":{"allow":["GET"]}}],"collection":[{"href":"https:\/\/conoce.vinotecamendibil.com\/fr\/wp-json\/wp\/v2\/pages"}],"about":[{"href":"https:\/\/conoce.vinotecamendibil.com\/fr\/wp-json\/wp\/v2\/types\/page"}],"author":[{"embeddable":true,"href":"https:\/\/conoce.vinotecamendibil.com\/fr\/wp-json\/wp\/v2\/users\/4"}],"replies":[{"embeddable":true,"href":"https:\/\/conoce.vinotecamendibil.com\/fr\/wp-json\/wp\/v2\/comments?post=29"}],"version-history":[{"count":14,"href":"https:\/\/conoce.vinotecamendibil.com\/fr\/wp-json\/wp\/v2\/pages\/29\/revisions"}],"predecessor-version":[{"id":1117,"href":"https:\/\/conoce.vinotecamendibil.com\/fr\/wp-json\/wp\/v2\/pages\/29\/revisions\/1117"}],"up":[{"embeddable":true,"href":"https:\/\/conoce.vinotecamendibil.com\/fr\/wp-json\/wp\/v2\/pages\/23"}],"wp:featuredmedia":[{"embeddable":true,"href":"https:\/\/conoce.vinotecamendibil.com\/fr\/wp-json\/wp\/v2\/media\/919"}],"wp:attachment":[{"href":"https:\/\/conoce.vinotecamendibil.com\/fr\/wp-json\/wp\/v2\/media?parent=29"}],"curies":[{"name":"wp","href":"https:\/\/api.w.org\/{rel}","templated":true}]}}