{"id":19,"date":"2017-10-26T12:16:43","date_gmt":"2017-10-26T12:16:43","guid":{"rendered":"http:\/\/localhost\/vinoteca\/?page_id=19"},"modified":"2024-11-26T19:21:23","modified_gmt":"2024-11-26T19:21:23","slug":"almacen-y-oficinas","status":"publish","type":"page","link":"https:\/\/conoce.vinotecamendibil.com\/fr\/vinoteca\/almacen-y-oficinas\/","title":{"rendered":"Entrep\u00f4t et bureaux"},"content":{"rendered":"<p>Notre entrep\u00f4t et nos bureaux se situent \u00e0 Irun, dans le centre logistique Zaisa situ\u00e9 au carrefour des principaux axes de transport internationaux, ce qui nous permet d\u2019assurer une distribution agile et rapide.<\/p>\n<p>La superficie de plus 500 m2 nous permet de stocker des milliers d\u2019articles dans les meilleures conditions de conservation et d\u2019organisation. Parall\u00e8lement, notre syst\u00e8me informatique nous permet d\u2019assurer la gestion et la distribution optimales de chaque commande.<\/p>\n<div class=\"quotes quotes1\" style=\"margin-bottom: 30px; padding-top: 50px;\">Notre entrep\u00f4t abrite des milliers d\u2019articles dans les meilleures conditions d\u2019organisation et de conservation<\/div>\n<p><\/p>","protected":false},"excerpt":{"rendered":"<p>Notre entrep\u00f4t et nos bureaux se situent \u00e0 Irun, dans le centre logistique Zaisa situ\u00e9 au carrefour des principaux axes de transport internationaux, ce qui nous permet d\u2019assurer une distribution agile et [&hellip;]<\/p>\n","protected":false},"author":4,"featured_media":1038,"parent":11,"menu_order":0,"comment_status":"closed","ping_status":"closed","template":"","meta":{"_acf_changed":false,"footnotes":""},"class_list":["post-19","page","type-page","status-publish","has-post-thumbnail","hentry"],"acf":[],"_links":{"self":[{"href":"https:\/\/conoce.vinotecamendibil.com\/fr\/wp-json\/wp\/v2\/pages\/19","targetHints":{"allow":["GET"]}}],"collection":[{"href":"https:\/\/conoce.vinotecamendibil.com\/fr\/wp-json\/wp\/v2\/pages"}],"about":[{"href":"https:\/\/conoce.vinotecamendibil.com\/fr\/wp-json\/wp\/v2\/types\/page"}],"author":[{"embeddable":true,"href":"https:\/\/conoce.vinotecamendibil.com\/fr\/wp-json\/wp\/v2\/users\/4"}],"replies":[{"embeddable":true,"href":"https:\/\/conoce.vinotecamendibil.com\/fr\/wp-json\/wp\/v2\/comments?post=19"}],"version-history":[{"count":37,"href":"https:\/\/conoce.vinotecamendibil.com\/fr\/wp-json\/wp\/v2\/pages\/19\/revisions"}],"predecessor-version":[{"id":1109,"href":"https:\/\/conoce.vinotecamendibil.com\/fr\/wp-json\/wp\/v2\/pages\/19\/revisions\/1109"}],"up":[{"embeddable":true,"href":"https:\/\/conoce.vinotecamendibil.com\/fr\/wp-json\/wp\/v2\/pages\/11"}],"wp:featuredmedia":[{"embeddable":true,"href":"https:\/\/conoce.vinotecamendibil.com\/fr\/wp-json\/wp\/v2\/media\/1038"}],"wp:attachment":[{"href":"https:\/\/conoce.vinotecamendibil.com\/fr\/wp-json\/wp\/v2\/media?parent=19"}],"curies":[{"name":"wp","href":"https:\/\/api.w.org\/{rel}","templated":true}]}}